{"id":3252,"date":"2017-01-17T20:50:12","date_gmt":"2017-01-17T19:50:12","guid":{"rendered":"http:\/\/staging.yellowideas.com\/nos-livres\/"},"modified":"2017-11-10T14:24:38","modified_gmt":"2017-11-10T13:24:38","slug":"our-books","status":"publish","type":"page","link":"https:\/\/yellowideas.com\/en\/our-books\/","title":{"rendered":"Our books"},"content":{"rendered":"<div class=\"wpb-content-wrapper\">[vc_row section_top_margin=&#8221;notopmargin&#8221; section_bottom_margin=&#8221;nobottommargin&#8221; section_background=&#8221;color&#8221; section_id=&#8221;oxymore&#8221; section_name=&#8221;L&#8217;Agenda des oxymores&#8221; background_color=&#8221;#ffffff&#8221;][vc_column][vc_empty_space height=&#8221;50px&#8221;][vc_row_inner][vc_column_inner width=&#8221;2\/3&#8243;][vc_single_image image=&#8221;1876&#8243; img_size=&#8221;full&#8221;][\/vc_column_inner][vc_column_inner width=&#8221;1\/3&#8243;][vc_empty_space height=&#8221;50px&#8221;][vc_column_text css_animation=&#8221;appear&#8221;]<\/p>\n<h2>L\u2019agenda des oxymores<\/h2>\n<h5>(Diary of an Oxymoron)<\/h5>\n<h4><span style=\"color: #ffdd00;\">To stimulate the minds of those who are passionate about words<\/span><\/h4>\n<p>[\/vc_column_text][vc_column_text]<\/p>\n<h5>An oxymoron is an ingenious juxtaposition of seemingly contradictory words; a few examples being \u2018a cheerful pessimist, \u2018an exuberant simplicity, \u2018a joyful sadness\u2019. In his book <em>L\u2019agenda des Oxymores<\/em> <em>(Diary of an Oxymoron)<\/em> Mark Raison shares his passion for these original constructions that often open up a new understanding of today&#8217;s reality.<\/h5>\n<h5><span style=\"color: #ffdd00;\">Order it here: <a href=\"https:\/\/www.amazon.fr\/LAgenda-oxymores-Mark-Raison\/dp\/2810415676\/ref=sr_1_4?ie=UTF8&amp;qid=1490133605&amp;sr=8-4&amp;keywords=mark+raison\" target=\"_blank\" rel=\"noopener noreferrer\">www.amazon.fr<\/a><\/span><\/h5>\n<p>[\/vc_column_text][\/vc_column_inner][\/vc_row_inner][\/vc_column][\/vc_row][vc_row section_background=&#8221;color&#8221; section_id=&#8221;carnetsjaunes&#8221; section_name=&#8221;Les carnets jaunes&#8221; background_color=&#8221;#ffffff&#8221;][vc_column][vc_row_inner][vc_column_inner width=&#8221;1\/3&#8243;][vc_empty_space height=&#8221;50px&#8221;][vc_column_text css_animation=&#8221;appear&#8221;]<\/p>\n<h2>Strat\u00e9gie &amp; cr\u00e9ativit\u00e9<\/h2>\n<h5>(Strategy &amp; Creativity)<\/h5>\n<h4><span style=\"color: #ffdd00;\">Mark Raison\u2019s yellow notebooks<\/span><\/h4>\n<p>[\/vc_column_text][vc_column_text]<\/p>\n<h5>In the age of innovation and disruption, strategy and creativity often appear as complex disciplines, quite distant from one another. In his <em>Yellow Notebooks,<\/em> Mark Raison not only makes both these accessible, but shows how they can be structured and linked together in practice. A hundred practical and inspiring recommendations beckon you to enrich your professional practices and be part of this era that requires vision and intuition, strategy and creativity.<\/h5>\n<h5><span style=\"color: #ffdd00;\">Order it here:<\/span> <a href=\"https:\/\/www.amazon.fr\/Strat%C3%A9gie-cr%C3%A9ativit%C3%A9-Mark-Raison\/dp\/2810415838\/ref=sr_1_1?ie=UTF8&amp;qid=1490133605&amp;sr=8-1&amp;keywords=mark+raison\" target=\"_blank\" rel=\"noopener noreferrer\">www.amazon.fr<\/a><\/h5>\n<p>[\/vc_column_text][\/vc_column_inner][vc_column_inner width=&#8221;2\/3&#8243;][vc_single_image image=&#8221;3325&#8243; img_size=&#8221;full&#8221; alignment=&#8221;center&#8221;][\/vc_column_inner][\/vc_row_inner][\/vc_column][\/vc_row][vc_row section_background=&#8221;color&#8221; section_id=&#8221;creativite&#8221; section_name=&#8221;Osez la cr\u00e9ativit\u00e9&#8221; background_color=&#8221;#ffffff&#8221;][vc_column][vc_row_inner][vc_column_inner width=&#8221;2\/3&#8243;][vc_single_image image=&#8221;2188&#8243; img_size=&#8221;full&#8221; alignment=&#8221;center&#8221;][\/vc_column_inner][vc_column_inner width=&#8221;1\/3&#8243;][vc_empty_space height=&#8221;50px&#8221;][vc_column_text css_animation=&#8221;appear&#8221;]<\/p>\n<h2>Osez la cr\u00e9ativit\u00e9<\/h2>\n<h5>(Dare to Unleash your Creativity)<\/h5>\n<h4><span style=\"color: #ffdd00;\">Be inspired by the practices of innovative companies<\/span><\/h4>\n<p>[\/vc_column_text][vc_column_text]<\/p>\n<h5>Creativity is neither a gift, nor a talent, nor a specific brilliance. It is a set of practices. In this very practical book, Mark Raison presents the creative practices that allow companies such as APPLE, DYSON, IKEA and PIXAR to think outside the box. It doesn\u2019t happen by chance: creativity requires disciplined and organised practice.<\/h5>\n<p>[\/vc_column_text][\/vc_column_inner][\/vc_row_inner][\/vc_column][\/vc_row][vc_row section_background=&#8221;color&#8221; section_id=&#8221;presppt&#8221; section_name=&#8221;R\u00e9ussissez vos pr\u00e9sentations Powerpoint&#8221; background_color=&#8221;#ffffff&#8221;][vc_column][vc_row_inner][vc_column_inner width=&#8221;1\/3&#8243;][vc_empty_space height=&#8221;50px&#8221;][vc_column_text css_animation=&#8221;appear&#8221;]<\/p>\n<h2>R\u00e9ussissez<br \/>\nvos pr\u00e9sentations<br \/>\npowerpoint<\/h2>\n<h5>(Successful PowerPoint Presentations)<\/h5>\n<h4><span style=\"color: #ffdd00;\">Captivate and generate buy-in<\/span><\/h4>\n<p>[\/vc_column_text][vc_column_text]<\/p>\n<h5><strong>Savoir communiquer clairement ses id\u00e9es et ses objectifs est de nos jours une comp\u00e9tence essentielle du manager. L\u2019objectif de ce livre de Martina Bayers, Presentation Designer, est de vous donner les leviers pour am\u00e9liorer rapidement et sensiblement la qualit\u00e9 de vos pr\u00e9sentations PowerPoint.<\/strong><\/h5>\n<p>[\/vc_column_text][\/vc_column_inner][vc_column_inner width=&#8221;2\/3&#8243;][vc_single_image image=&#8221;1883&#8243; img_size=&#8221;full&#8221; alignment=&#8221;right&#8221;][\/vc_column_inner][\/vc_row_inner][\/vc_column][\/vc_row][vc_row section_background=&#8221;color&#8221; section_id=&#8221;cahier&#8221; section_name=&#8221;Le cahier d&#8217;exercices&#8221; background_color=&#8221;#ffffff&#8221;][vc_column][vc_row_inner][vc_column_inner width=&#8221;2\/3&#8243;][vc_single_image image=&#8221;2189&#8243; img_size=&#8221;full&#8221;][\/vc_column_inner][vc_column_inner width=&#8221;1\/3&#8243;][vc_empty_space height=&#8221;50px&#8221;][vc_column_text css_animation=&#8221;appear&#8221;]<\/p>\n<h2>R\u00e9veillez\u00a0sa cr\u00e9ativit\u00e9<\/h2>\n<h5>(Awaken your Creativity)<\/h5>\n<h4><span style=\"color: #ffdd00;\">Your creative, feel-good workbook<\/span><\/h4>\n<p>[\/vc_column_text][vc_column_text]<\/p>\n<h5>A wealth of useful tips to bring your imagination to life. Ideas and activities to make your creativity buzz. Exercises and games to help you be even more adventurous. A joyful bag of tricks to energize your creativity.<\/h5>\n<h5><span style=\"color: #ffdd00;\">Order it here:<\/span> <a href=\"https:\/\/www.amazon.fr\/R%C3%A9veiller-cr%C3%A9ativit%C3%A9-dexercices-marque-page-dinspiration\/dp\/2810417695\/ref=sr_1_3?ie=UTF8&amp;qid=1490133605&amp;sr=8-3&amp;keywords=mark+raison\" target=\"_blank\" rel=\"noopener noreferrer\">www.amazon.fr<\/a><\/h5>\n<p>[\/vc_column_text][\/vc_column_inner][\/vc_row_inner][\/vc_column][\/vc_row][vc_row section_background=&#8221;color&#8221; background_color=&#8221;#ffffff&#8221;][vc_column][vc_column_text]<\/p>\n<h6 style=\"text-align: center;\"><span style=\"color: #d9d7d7;\">Photos by Maxime Collin<\/span><\/h6>\n<p>[\/vc_column_text][\/vc_column][\/vc_row]\n<\/div>","protected":false},"excerpt":{"rendered":"<p>[vc_row section_top_margin=&#8221;notopmargin&#8221; section_bottom_margin=&#8221;nobottommargin&#8221; section_background=&#8221;color&#8221; section_id=&#8221;oxymore&#8221; section_name=&#8221;L&#8217;Agenda des oxymores&#8221; background_color=&#8221;#ffffff&#8221;][vc_column][vc_empty_space height=&#8221;50px&#8221;][vc_row_inner][vc_column_inner width=&#8221;2\/3&#8243;][vc_single_image image=&#8221;1876&#8243; img_size=&#8221;full&#8221;][\/vc_column_inner][vc_column_inner width=&#8221;1\/3&#8243;][vc_empty_space height=&#8221;50px&#8221;][vc_column_text css_animation=&#8221;appear&#8221;] L\u2019agenda des oxymores (Diary of an Oxymoron) To stimulate the minds of those who are passionate about words [\/vc_column_text][vc_column_text] An oxymoron is an ingenious juxtaposition of seemingly contradictory words; a few examples being \u2018a &hellip; <a class=\"readmore\" href=\"https:\/\/yellowideas.com\/en\/our-books\/\">Continue reading <span class=\"meta-nav\">&rarr;<\/span><\/a><\/p>\n","protected":false},"author":1,"featured_media":0,"parent":0,"menu_order":25,"comment_status":"open","ping_status":"closed","template":"template\/template-landing-page-vc.php","meta":{"footnotes":""},"class_list":["post-3252","page","type-page","status-publish","hentry"],"yoast_head":"<!-- This site is optimized with the Yoast SEO plugin v25.9 - https:\/\/yoast.com\/wordpress\/plugins\/seo\/ -->\n<title>Our books - Yellow Ideas<\/title>\n<meta name=\"robots\" content=\"index, follow, max-snippet:-1, max-image-preview:large, max-video-preview:-1\" \/>\n<link rel=\"canonical\" href=\"https:\/\/yellowideas.com\/en\/our-books\/\" \/>\n<meta property=\"og:locale\" content=\"en_US\" \/>\n<meta property=\"og:type\" content=\"article\" \/>\n<meta property=\"og:title\" content=\"Our books - Yellow Ideas\" \/>\n<meta property=\"og:description\" content=\"[vc_row section_top_margin=&#8221;notopmargin&#8221; section_bottom_margin=&#8221;nobottommargin&#8221; section_background=&#8221;color&#8221; section_id=&#8221;oxymore&#8221; section_name=&#8221;L&#8217;Agenda des oxymores&#8221; background_color=&#8221;#ffffff&#8221;][vc_column][vc_empty_space height=&#8221;50px&#8221;][vc_row_inner][vc_column_inner width=&#8221;2\/3&#8243;][vc_single_image image=&#8221;1876&#8243; img_size=&#8221;full&#8221;][\/vc_column_inner][vc_column_inner width=&#8221;1\/3&#8243;][vc_empty_space height=&#8221;50px&#8221;][vc_column_text css_animation=&#8221;appear&#8221;] L\u2019agenda des oxymores (Diary of an Oxymoron) To stimulate the minds of those who are passionate about words [\/vc_column_text][vc_column_text] An oxymoron is an ingenious juxtaposition of seemingly contradictory words; a few examples being \u2018a &hellip; Continue reading &rarr;\" \/>\n<meta property=\"og:url\" content=\"https:\/\/yellowideas.com\/en\/our-books\/\" \/>\n<meta property=\"og:site_name\" content=\"Yellow Ideas\" \/>\n<meta property=\"article:publisher\" content=\"https:\/\/www.facebook.com\/YellowIdeas\/\" \/>\n<meta property=\"article:modified_time\" content=\"2017-11-10T13:24:38+00:00\" \/>\n<meta name=\"twitter:card\" content=\"summary_large_image\" \/>\n<meta name=\"twitter:label1\" content=\"Est. reading time\" \/>\n\t<meta name=\"twitter:data1\" content=\"4 minutes\" \/>\n<script type=\"application\/ld+json\" class=\"yoast-schema-graph\">{\"@context\":\"https:\/\/schema.org\",\"@graph\":[{\"@type\":\"WebPage\",\"@id\":\"https:\/\/yellowideas.com\/en\/our-books\/\",\"url\":\"https:\/\/yellowideas.com\/en\/our-books\/\",\"name\":\"Our books - Yellow Ideas\",\"isPartOf\":{\"@id\":\"https:\/\/yellowideas.com\/#website\"},\"datePublished\":\"2017-01-17T19:50:12+00:00\",\"dateModified\":\"2017-11-10T13:24:38+00:00\",\"breadcrumb\":{\"@id\":\"https:\/\/yellowideas.com\/en\/our-books\/#breadcrumb\"},\"inLanguage\":\"en-US\",\"potentialAction\":[{\"@type\":\"ReadAction\",\"target\":[\"https:\/\/yellowideas.com\/en\/our-books\/\"]}]},{\"@type\":\"BreadcrumbList\",\"@id\":\"https:\/\/yellowideas.com\/en\/our-books\/#breadcrumb\",\"itemListElement\":[{\"@type\":\"ListItem\",\"position\":1,\"name\":\"Accueil\",\"item\":\"https:\/\/yellowideas.com\/en\/\"},{\"@type\":\"ListItem\",\"position\":2,\"name\":\"Our books\"}]},{\"@type\":\"WebSite\",\"@id\":\"https:\/\/yellowideas.com\/#website\",\"url\":\"https:\/\/yellowideas.com\/\",\"name\":\"Yellow Ideas\",\"description\":\"\",\"publisher\":{\"@id\":\"https:\/\/yellowideas.com\/#organization\"},\"potentialAction\":[{\"@type\":\"SearchAction\",\"target\":{\"@type\":\"EntryPoint\",\"urlTemplate\":\"https:\/\/yellowideas.com\/?s={search_term_string}\"},\"query-input\":{\"@type\":\"PropertyValueSpecification\",\"valueRequired\":true,\"valueName\":\"search_term_string\"}}],\"inLanguage\":\"en-US\"},{\"@type\":\"Organization\",\"@id\":\"https:\/\/yellowideas.com\/#organization\",\"name\":\"Yellow Ideas\",\"url\":\"https:\/\/yellowideas.com\/\",\"logo\":{\"@type\":\"ImageObject\",\"inLanguage\":\"en-US\",\"@id\":\"https:\/\/yellowideas.com\/#\/schema\/logo\/image\/\",\"url\":\"https:\/\/yellowideas.com\/wp-content\/uploads\/2016\/12\/logo-yellow-RVB-1000x1000.png\",\"contentUrl\":\"https:\/\/yellowideas.com\/wp-content\/uploads\/2016\/12\/logo-yellow-RVB-1000x1000.png\",\"width\":1000,\"height\":1000,\"caption\":\"Yellow Ideas\"},\"image\":{\"@id\":\"https:\/\/yellowideas.com\/#\/schema\/logo\/image\/\"},\"sameAs\":[\"https:\/\/www.facebook.com\/YellowIdeas\/\",\"https:\/\/www.linkedin.com\/company\/yellow-ideas\"]}]}<\/script>\n<!-- \/ Yoast SEO plugin. -->","yoast_head_json":{"title":"Our books - Yellow Ideas","robots":{"index":"index","follow":"follow","max-snippet":"max-snippet:-1","max-image-preview":"max-image-preview:large","max-video-preview":"max-video-preview:-1"},"canonical":"https:\/\/yellowideas.com\/en\/our-books\/","og_locale":"en_US","og_type":"article","og_title":"Our books - Yellow Ideas","og_description":"[vc_row section_top_margin=&#8221;notopmargin&#8221; section_bottom_margin=&#8221;nobottommargin&#8221; section_background=&#8221;color&#8221; section_id=&#8221;oxymore&#8221; section_name=&#8221;L&#8217;Agenda des oxymores&#8221; background_color=&#8221;#ffffff&#8221;][vc_column][vc_empty_space height=&#8221;50px&#8221;][vc_row_inner][vc_column_inner width=&#8221;2\/3&#8243;][vc_single_image image=&#8221;1876&#8243; img_size=&#8221;full&#8221;][\/vc_column_inner][vc_column_inner width=&#8221;1\/3&#8243;][vc_empty_space height=&#8221;50px&#8221;][vc_column_text css_animation=&#8221;appear&#8221;] L\u2019agenda des oxymores (Diary of an Oxymoron) To stimulate the minds of those who are passionate about words [\/vc_column_text][vc_column_text] An oxymoron is an ingenious juxtaposition of seemingly contradictory words; a few examples being \u2018a &hellip; Continue reading &rarr;","og_url":"https:\/\/yellowideas.com\/en\/our-books\/","og_site_name":"Yellow Ideas","article_publisher":"https:\/\/www.facebook.com\/YellowIdeas\/","article_modified_time":"2017-11-10T13:24:38+00:00","twitter_card":"summary_large_image","twitter_misc":{"Est. reading time":"4 minutes"},"schema":{"@context":"https:\/\/schema.org","@graph":[{"@type":"WebPage","@id":"https:\/\/yellowideas.com\/en\/our-books\/","url":"https:\/\/yellowideas.com\/en\/our-books\/","name":"Our books - Yellow Ideas","isPartOf":{"@id":"https:\/\/yellowideas.com\/#website"},"datePublished":"2017-01-17T19:50:12+00:00","dateModified":"2017-11-10T13:24:38+00:00","breadcrumb":{"@id":"https:\/\/yellowideas.com\/en\/our-books\/#breadcrumb"},"inLanguage":"en-US","potentialAction":[{"@type":"ReadAction","target":["https:\/\/yellowideas.com\/en\/our-books\/"]}]},{"@type":"BreadcrumbList","@id":"https:\/\/yellowideas.com\/en\/our-books\/#breadcrumb","itemListElement":[{"@type":"ListItem","position":1,"name":"Accueil","item":"https:\/\/yellowideas.com\/en\/"},{"@type":"ListItem","position":2,"name":"Our books"}]},{"@type":"WebSite","@id":"https:\/\/yellowideas.com\/#website","url":"https:\/\/yellowideas.com\/","name":"Yellow Ideas","description":"","publisher":{"@id":"https:\/\/yellowideas.com\/#organization"},"potentialAction":[{"@type":"SearchAction","target":{"@type":"EntryPoint","urlTemplate":"https:\/\/yellowideas.com\/?s={search_term_string}"},"query-input":{"@type":"PropertyValueSpecification","valueRequired":true,"valueName":"search_term_string"}}],"inLanguage":"en-US"},{"@type":"Organization","@id":"https:\/\/yellowideas.com\/#organization","name":"Yellow Ideas","url":"https:\/\/yellowideas.com\/","logo":{"@type":"ImageObject","inLanguage":"en-US","@id":"https:\/\/yellowideas.com\/#\/schema\/logo\/image\/","url":"https:\/\/yellowideas.com\/wp-content\/uploads\/2016\/12\/logo-yellow-RVB-1000x1000.png","contentUrl":"https:\/\/yellowideas.com\/wp-content\/uploads\/2016\/12\/logo-yellow-RVB-1000x1000.png","width":1000,"height":1000,"caption":"Yellow Ideas"},"image":{"@id":"https:\/\/yellowideas.com\/#\/schema\/logo\/image\/"},"sameAs":["https:\/\/www.facebook.com\/YellowIdeas\/","https:\/\/www.linkedin.com\/company\/yellow-ideas"]}]}},"_links":{"self":[{"href":"https:\/\/yellowideas.com\/en\/wp-json\/wp\/v2\/pages\/3252","targetHints":{"allow":["GET"]}}],"collection":[{"href":"https:\/\/yellowideas.com\/en\/wp-json\/wp\/v2\/pages"}],"about":[{"href":"https:\/\/yellowideas.com\/en\/wp-json\/wp\/v2\/types\/page"}],"author":[{"embeddable":true,"href":"https:\/\/yellowideas.com\/en\/wp-json\/wp\/v2\/users\/1"}],"replies":[{"embeddable":true,"href":"https:\/\/yellowideas.com\/en\/wp-json\/wp\/v2\/comments?post=3252"}],"version-history":[{"count":0,"href":"https:\/\/yellowideas.com\/en\/wp-json\/wp\/v2\/pages\/3252\/revisions"}],"wp:attachment":[{"href":"https:\/\/yellowideas.com\/en\/wp-json\/wp\/v2\/media?parent=3252"}],"curies":[{"name":"wp","href":"https:\/\/api.w.org\/{rel}","templated":true}]}}