{"id":3255,"date":"2017-01-07T12:12:43","date_gmt":"2017-01-07T11:12:43","guid":{"rendered":"http:\/\/staging.yellowideas.com\/ted-style-presentation\/"},"modified":"2017-10-20T17:33:33","modified_gmt":"2017-10-20T15:33:33","slug":"ted-style-presentation-uk","status":"publish","type":"page","link":"https:\/\/yellowideas.com\/en\/ted-style-presentation-uk\/","title":{"rendered":"TED Style Presentation"},"content":{"rendered":"<div class=\"wpb-content-wrapper\">[vc_row section_background=&#8221;color&#8221; background_color=&#8221;#ffffff&#8221; section_id=&#8221;tedstyle&#8221; section_name=&#8221;TED style pr\u00e9sentation&#8221;][vc_column][vc_single_image image=&#8221;1512&#8243; img_size=&#8221;full&#8221; alignment=&#8221;center&#8221;][vc_empty_space height=&#8221;30px&#8221;][vc_column_text]<\/p>\n<h5>TED conferences (www.ted.com) have become the standard as far as presentations are concerned. This is a good thing! They are exciting and effective. Each speaker has a maximum of 18 minutes to present their subject in the most innovative and convincing manner possible. Why is this important in a business setting? Managers have less and less time to share more and more information, more and more people have to be convinced by your message, and the alignment of teams, customers, suppliers, etc. is a key factor for success. Don\u2019t wait any longer; adopt the TED-style format.<\/h5>\n<p>[\/vc_column_text][\/vc_column][vc_column][vc_empty_space height=&#8221;100px&#8221;][vc_column_text]<\/p>\n<h1 style=\"text-align: center;\"><span style=\"color: #ffdd00;\">MARTINA\u2019S 9 TIPS<\/span><\/h1>\n<p>[\/vc_column_text][vc_empty_space height=&#8221;30px&#8221;][vc_tta_pageable no_fill_content_area=&#8221;1&#8243; active_section=&#8221;1&#8243; pagination_style=&#8221;&#8221; css_animation=&#8221;fadeInUp&#8221;][vc_tta_section title=&#8221;Section 1&#8243; tab_id=&#8221;1489570357814-904f36fd-f072&#8243;][vc_row_inner][vc_column_inner width=&#8221;1\/3&#8243; position=&#8221;right&#8221;][vc_single_image image=&#8221;1456&#8243; img_size=&#8221;full&#8221; alignment=&#8221;center&#8221;][vc_column_text]<\/p>\n<h5 style=\"text-align: center;\">Write your message in a single sentence.<\/h5>\n<p>[\/vc_column_text][\/vc_column_inner][vc_column_inner width=&#8221;1\/3&#8243;][vc_single_image image=&#8221;1457&#8243; img_size=&#8221;full&#8221; alignment=&#8221;center&#8221;][vc_column_text]<\/p>\n<h5 style=\"text-align: center;\">Find your main thread and get straight to the point. You can explain everything in 18 minutes: it takes hard work and courage to make choices.<\/h5>\n<p>[\/vc_column_text][\/vc_column_inner][vc_column_inner width=&#8221;1\/3&#8243;][vc_single_image image=&#8221;1458&#8243; img_size=&#8221;full&#8221; alignment=&#8221;center&#8221;][vc_column_text]<\/p>\n<h5 style=\"text-align: center;\">Take care with your opening words; stand out from the very first second! The first 3 minutes are crucial to connect with your audience.<\/h5>\n<p>[\/vc_column_text][\/vc_column_inner][\/vc_row_inner][\/vc_tta_section][vc_tta_section title=&#8221;Section 2&#8243; tab_id=&#8221;1489570357988-d3c7a027-eef3&#8243;][vc_row_inner][vc_column_inner width=&#8221;1\/3&#8243; position=&#8221;right&#8221;][vc_single_image image=&#8221;1459&#8243; img_size=&#8221;full&#8221; alignment=&#8221;center&#8221;][vc_column_text]<\/p>\n<h5 style=\"text-align: center;\">Sachez qui avez-vous en face de vous, quel est votre public et qu\u2019est-ce qui l\u2019emp\u00eache de dormir la nuit.<\/h5>\n<p>[\/vc_column_text][\/vc_column_inner][vc_column_inner width=&#8221;1\/3&#8243;][vc_single_image image=&#8221;1460&#8243; img_size=&#8221;full&#8221; alignment=&#8221;center&#8221;][vc_column_text]<\/p>\n<h5 style=\"text-align: center;\">Tout le monde aime les histoires. Racontez votre histoire, ou une anecdote totalement align\u00e9e sur votre message.<\/h5>\n<p>[\/vc_column_text][\/vc_column_inner][vc_column_inner width=&#8221;1\/3&#8243;][vc_single_image image=&#8221;2199&#8243; img_size=&#8221;60&#215;60&#8243; alignment=&#8221;center&#8221;][vc_column_text]<\/p>\n<h5 style=\"text-align: center;\">N\u2019h\u00e9sitez pas \u00e0 donner beaucoup d\u2019exemples personnels et d\u2019exp\u00e9riences v\u00e9cues\u00a0: ils inspireront votre public.<\/h5>\n<p>[\/vc_column_text][\/vc_column_inner][\/vc_row_inner][\/vc_tta_section][vc_tta_section title=&#8221;Section 3&#8243; tab_id=&#8221;1489670676516-b752f966-5de4&#8243;][vc_row_inner][vc_column_inner width=&#8221;1\/3&#8243; position=&#8221;right&#8221;][vc_single_image image=&#8221;2200&#8243; img_size=&#8221;60&#215;60&#8243; alignment=&#8221;center&#8221;][vc_column_text]<\/p>\n<h5 style=\"text-align: center;\">Une conf\u00e9rence est une conversation. Vous \u00eates en t\u00eate-\u00e0-t\u00eate avec votre auditoire, m\u00eame s\u2019il y a plus de cent personnes en face de vous\u00a0!<\/h5>\n<p>[\/vc_column_text][\/vc_column_inner][vc_column_inner width=&#8221;1\/3&#8243;][vc_single_image image=&#8221;2201&#8243; img_size=&#8221;60&#215;60&#8243; alignment=&#8221;center&#8221;][vc_column_text]<\/p>\n<h5 style=\"text-align: center;\">Montrez votre passion. La passion est contagieuse, elle pique la curiosit\u00e9 et fait changer le monde.<\/h5>\n<p>[\/vc_column_text][\/vc_column_inner][vc_column_inner width=&#8221;1\/3&#8243;][vc_single_image image=&#8221;2202&#8243; img_size=&#8221;60&#215;60&#8243; alignment=&#8221;center&#8221;][vc_column_text]<\/p>\n<h5 style=\"text-align: center;\">Les bonnes conf\u00e9rences ne sont pas improvis\u00e9es, alors r\u00e9p\u00e9tez, r\u00e9p\u00e9tez et \u2026 r\u00e9p\u00e9tez\u00a0!<\/h5>\n<p>[\/vc_column_text][\/vc_column_inner][\/vc_row_inner][\/vc_tta_section][\/vc_tta_pageable][vc_tta_pageable no_fill_content_area=&#8221;1&#8243; active_section=&#8221;2&#8243; pagination_style=&#8221;&#8221; css_animation=&#8221;fadeInUp&#8221;][vc_tta_section title=&#8221;Section 1&#8243; tab_id=&#8221;1500991127345-aaa1c6e7-b084&#8243;][\/vc_tta_section][vc_tta_section title=&#8221;Section 2&#8243; tab_id=&#8221;1500991128620-a6023e57-7b3e&#8221;][vc_row_inner][vc_column_inner width=&#8221;1\/3&#8243; position=&#8221;right&#8221;][vc_single_image image=&#8221;1459&#8243; img_size=&#8221;full&#8221; alignment=&#8221;center&#8221;][vc_column_text]<\/p>\n<h5 id=\"tw-target-text\" class=\"tw-data-text tw-ta tw-text-small\" dir=\"ltr\" style=\"text-align: center;\" data-placeholder=\"Traduction\"><span lang=\"en\">Know who you are in front of you, who is your audience and what is preventing him from sleeping at night.<\/span><\/h5>\n<p>[\/vc_column_text][\/vc_column_inner][vc_column_inner width=&#8221;1\/3&#8243;][vc_single_image image=&#8221;1460&#8243; img_size=&#8221;full&#8221; alignment=&#8221;center&#8221;][vc_column_text]<\/p>\n<h5 style=\"text-align: center;\">Everyone loves stories. Tell your story, or an anecdote fully aligned with your message.<\/h5>\n<p>[\/vc_column_text][\/vc_column_inner][vc_column_inner width=&#8221;1\/3&#8243;][vc_single_image image=&#8221;2199&#8243; img_size=&#8221;60&#215;60&#8243; alignment=&#8221;center&#8221;][vc_column_text]<\/p>\n<h5 id=\"tw-target-text\" class=\"tw-data-text tw-ta tw-text-small\" dir=\"ltr\" style=\"text-align: center;\" data-placeholder=\"Traduction\"><span lang=\"en\">Do not hesitate to give many personal examples and lived experiences: they will inspire your audience.<\/span><\/h5>\n<p>[\/vc_column_text][\/vc_column_inner][\/vc_row_inner][\/vc_tta_section][vc_tta_section title=&#8221;Section 3&#8243; tab_id=&#8221;1500991129911-6c784bf7-97c7&#8243;][\/vc_tta_section][\/vc_tta_pageable][vc_tta_pageable no_fill_content_area=&#8221;1&#8243; active_section=&#8221;3&#8243; pagination_style=&#8221;&#8221; css_animation=&#8221;fadeInUp&#8221;][vc_tta_section title=&#8221;Section 1&#8243; tab_id=&#8221;1500991120772-73a65400-f841&#8243;][\/vc_tta_section][vc_tta_section title=&#8221;Section 2&#8243; tab_id=&#8221;1500991121863-76c18d63-ede5&#8243;][\/vc_tta_section][vc_tta_section title=&#8221;Section 3&#8243; tab_id=&#8221;1500991123074-4f7c4534-6d98&#8243;][vc_row_inner][vc_column_inner width=&#8221;1\/3&#8243; position=&#8221;right&#8221;][vc_single_image image=&#8221;2200&#8243; img_size=&#8221;60&#215;60&#8243; alignment=&#8221;center&#8221;][vc_column_text]<\/p>\n<h5 id=\"tw-target-text\" class=\"tw-data-text tw-ta tw-text-small\" dir=\"ltr\" style=\"text-align: center;\" data-placeholder=\"Traduction\"><span lang=\"en\">A conference is a conversation. You are one-on-one with your audience, even if there are more than a hundred people in front of you!<\/span><\/h5>\n<p>[\/vc_column_text][\/vc_column_inner][vc_column_inner width=&#8221;1\/3&#8243;][vc_single_image image=&#8221;2201&#8243; img_size=&#8221;60&#215;60&#8243; alignment=&#8221;center&#8221;][vc_column_text]<\/p>\n<h5 id=\"tw-target-text\" class=\"tw-data-text tw-ta tw-text-small\" dir=\"ltr\" style=\"text-align: center;\" data-placeholder=\"Traduction\"><span lang=\"en\">Show your passion. Passion is contagious, it piques curiosity and changes the world.<\/span><\/h5>\n<h5 class=\"tw-data-text tw-ta tw-text-small\" lang=\"en\"><\/h5>\n<p>[\/vc_column_text][\/vc_column_inner][vc_column_inner width=&#8221;1\/3&#8243;][vc_single_image image=&#8221;2202&#8243; img_size=&#8221;60&#215;60&#8243; alignment=&#8221;center&#8221;][vc_column_text]<\/p>\n<h5 style=\"text-align: center;\">Good lectures are not improvised, so repeat, repeat and &#8230; repeat!<\/h5>\n<p>[\/vc_column_text][\/vc_column_inner][\/vc_row_inner][\/vc_tta_section][\/vc_tta_pageable][\/vc_column][\/vc_row][vc_row section_background=&#8221;color&#8221; background_color=&#8221;#ffffff&#8221; section_id=&#8221;trucsastuces&#8221; section_name=&#8221;Trucs et astuces de com\u00e9diens&#8221;][vc_column][vc_column_text]<\/p>\n<h1 style=\"text-align: center;\"><span style=\"color: #ffdd00;\">ADVICE AND TIPS<\/span><\/h1>\n<h2 style=\"text-align: center;\">FROM ACTORS<\/h2>\n<p>[\/vc_column_text][vc_row_inner][vc_column_inner width=&#8221;2\/3&#8243; position=&#8221;right&#8221;][vc_column_text]<\/p>\n<h2>Breathe with your stomach<\/h2>\n<h5>Work on your breath; breathe deeply and into the abdomen. Place your hands on your stomach, imagine that your lungs are placed there and breathe in, taking your time. It&#8217;s good for stress and for your voice.<\/h5>\n<p>[\/vc_column_text][\/vc_column_inner][vc_column_inner width=&#8221;1\/3&#8243;][vc_single_image image=&#8221;1517&#8243; img_size=&#8221;full&#8221; alignment=&#8221;center&#8221;][\/vc_column_inner][\/vc_row_inner][\/vc_column][\/vc_row][vc_row section_background=&#8221;color&#8221; background_color=&#8221;#ffffff&#8221; section_id=&#8221;baillez&#8221; section_name=&#8221;Baillez&#8221;][vc_column][vc_row_inner][vc_column_inner width=&#8221;2\/3&#8243; position=&#8221;right&#8221;][vc_column_text]<\/p>\n<h2>Yawn<\/h2>\n<h5>To prepare your voice before speaking, yawn! All actors warm up their voices; it\u2019s their primary work tool. An initial warm-up consists of yawning and opening your mouth wide!<\/h5>\n<p>[\/vc_column_text][\/vc_column_inner][vc_column_inner width=&#8221;1\/3&#8243;][vc_single_image image=&#8221;1518&#8243; img_size=&#8221;full&#8221; alignment=&#8221;center&#8221;][\/vc_column_inner][\/vc_row_inner][\/vc_column][\/vc_row][vc_row section_background=&#8221;color&#8221; background_color=&#8221;#ffffff&#8221; section_id=&#8221;rptezchuchotant&#8221; section_name=&#8221;R\u00e9p\u00e9tez en chuchotant&#8221;][vc_column][vc_row_inner][vc_column_inner width=&#8221;2\/3&#8243; position=&#8221;right&#8221;][vc_column_text]<\/p>\n<h2>PRACTISE BY WHISPERING<\/h2>\n<h5>Practise your presentation by whispering it, but articulate and exaggerate the whisper so loudly that you could be heard from far away even without a microphone! It\u2019s your breath doing all the hard work, and it will add strength to your voice!<\/h5>\n<p>[\/vc_column_text][\/vc_column_inner][vc_column_inner width=&#8221;1\/3&#8243;][vc_single_image image=&#8221;1519&#8243; img_size=&#8221;full&#8221; alignment=&#8221;center&#8221;][\/vc_column_inner][\/vc_row_inner][\/vc_column][\/vc_row][vc_row section_background=&#8221;color&#8221; background_color=&#8221;#ffffff&#8221; section_id=&#8221;3minutes&#8221; section_name=&#8221;3 minutes par coeur !&#8221;][vc_column][vc_row_inner][vc_column_inner width=&#8221;2\/3&#8243; position=&#8221;right&#8221;][vc_column_text]<\/p>\n<h2>3 MINUTES OFF BY HEART!<\/h2>\n<h5>Learn the first 3 minutes of your presentation like the back of your hand: sing it, practise it while you go for a run, while swimming, cooking, gardening&#8230;<\/h5>\n<p>[\/vc_column_text][\/vc_column_inner][vc_column_inner width=&#8221;1\/3&#8243;][vc_single_image image=&#8221;1520&#8243; img_size=&#8221;full&#8221; alignment=&#8221;center&#8221;][\/vc_column_inner][\/vc_row_inner][\/vc_column][\/vc_row][vc_row section_background=&#8221;color&#8221; background_color=&#8221;#ffffff&#8221; section_id=&#8221;visualisezscne&#8221; section_name=&#8221;Visualisez la sc\u00e8ne&#8221;][vc_column][vc_row_inner][vc_column_inner width=&#8221;2\/3&#8243; position=&#8221;right&#8221;][vc_column_text]<\/p>\n<h2>VISUALISE THE SCENE<\/h2>\n<h5>Visualise your presentation in advance, imagine yourself in position and anticipate everything that could happen: the hesitations, the memory blanks, but also the successes! What&#8217;s going to happen? Prepare your brain!<\/h5>\n<p>[\/vc_column_text][\/vc_column_inner][vc_column_inner width=&#8221;1\/3&#8243;][vc_single_image image=&#8221;1521&#8243; img_size=&#8221;full&#8221; alignment=&#8221;center&#8221;][\/vc_column_inner][\/vc_row_inner][\/vc_column][\/vc_row][vc_row section_background=&#8221;color&#8221; section_id=&#8221;dragonfooter&#8221; background_color=&#8221;#ffffff&#8221;][vc_column][vc_column_text css_animation=&#8221;slideInRight&#8221;]<\/p>\n<h4 style=\"text-align: center;\">PSSSSST!<br \/>\nIf you want to\u00a0<a href=\"https:\/\/yellowideas.com\/en\/our-team\/#contacteznous\">contact us<\/a>,<br \/>\nor learn\u00a0<a href=\"https:\/\/yellowideas.com\/en\/accueil\/our-services\/\">more about us<\/a>,<br \/>\nfollow me!<\/h4>\n<p>[\/vc_column_text][\/vc_column][\/vc_row]\n<\/div>","protected":false},"excerpt":{"rendered":"<p>[vc_row section_background=&#8221;color&#8221; background_color=&#8221;#ffffff&#8221; section_id=&#8221;tedstyle&#8221; section_name=&#8221;TED style pr\u00e9sentation&#8221;][vc_column][vc_single_image image=&#8221;1512&#8243; img_size=&#8221;full&#8221; alignment=&#8221;center&#8221;][vc_empty_space height=&#8221;30px&#8221;][vc_column_text] TED conferences (www.ted.com) have become the standard as far as presentations are concerned. This is a good thing! They are exciting and effective. Each speaker has a maximum of 18 minutes to present their subject in the most innovative &hellip; <a class=\"readmore\" href=\"https:\/\/yellowideas.com\/en\/ted-style-presentation-uk\/\">Continue reading <span class=\"meta-nav\">&rarr;<\/span><\/a><\/p>\n","protected":false},"author":1,"featured_media":0,"parent":0,"menu_order":25,"comment_status":"open","ping_status":"closed","template":"template\/template-landing-page-vc.php","meta":{"footnotes":""},"class_list":["post-3255","page","type-page","status-publish","hentry"],"yoast_head":"<!-- This site is optimized with the Yoast SEO plugin v25.9 - https:\/\/yoast.com\/wordpress\/plugins\/seo\/ -->\n<title>TED Style Presentation - Yellow Ideas<\/title>\n<meta name=\"robots\" content=\"index, follow, max-snippet:-1, max-image-preview:large, max-video-preview:-1\" \/>\n<link rel=\"canonical\" href=\"https:\/\/yellowideas.com\/en\/ted-style-presentation-uk\/\" \/>\n<meta property=\"og:locale\" content=\"en_US\" \/>\n<meta property=\"og:type\" content=\"article\" \/>\n<meta property=\"og:title\" content=\"TED Style Presentation - Yellow Ideas\" \/>\n<meta property=\"og:description\" content=\"[vc_row section_background=&#8221;color&#8221; background_color=&#8221;#ffffff&#8221; section_id=&#8221;tedstyle&#8221; section_name=&#8221;TED style pr\u00e9sentation&#8221;][vc_column][vc_single_image image=&#8221;1512&#8243; img_size=&#8221;full&#8221; alignment=&#8221;center&#8221;][vc_empty_space height=&#8221;30px&#8221;][vc_column_text] TED conferences (www.ted.com) have become the standard as far as presentations are concerned. This is a good thing! They are exciting and effective. Each speaker has a maximum of 18 minutes to present their subject in the most innovative &hellip; Continue reading &rarr;\" \/>\n<meta property=\"og:url\" content=\"https:\/\/yellowideas.com\/en\/ted-style-presentation-uk\/\" \/>\n<meta property=\"og:site_name\" content=\"Yellow Ideas\" \/>\n<meta property=\"article:publisher\" content=\"https:\/\/www.facebook.com\/YellowIdeas\/\" \/>\n<meta property=\"article:modified_time\" content=\"2017-10-20T15:33:33+00:00\" \/>\n<meta name=\"twitter:card\" content=\"summary_large_image\" \/>\n<meta name=\"twitter:label1\" content=\"Est. reading time\" \/>\n\t<meta name=\"twitter:data1\" content=\"8 minutes\" \/>\n<script type=\"application\/ld+json\" class=\"yoast-schema-graph\">{\"@context\":\"https:\/\/schema.org\",\"@graph\":[{\"@type\":\"WebPage\",\"@id\":\"https:\/\/yellowideas.com\/en\/ted-style-presentation-uk\/\",\"url\":\"https:\/\/yellowideas.com\/en\/ted-style-presentation-uk\/\",\"name\":\"TED Style Presentation - Yellow Ideas\",\"isPartOf\":{\"@id\":\"https:\/\/yellowideas.com\/#website\"},\"datePublished\":\"2017-01-07T11:12:43+00:00\",\"dateModified\":\"2017-10-20T15:33:33+00:00\",\"breadcrumb\":{\"@id\":\"https:\/\/yellowideas.com\/en\/ted-style-presentation-uk\/#breadcrumb\"},\"inLanguage\":\"en-US\",\"potentialAction\":[{\"@type\":\"ReadAction\",\"target\":[\"https:\/\/yellowideas.com\/en\/ted-style-presentation-uk\/\"]}]},{\"@type\":\"BreadcrumbList\",\"@id\":\"https:\/\/yellowideas.com\/en\/ted-style-presentation-uk\/#breadcrumb\",\"itemListElement\":[{\"@type\":\"ListItem\",\"position\":1,\"name\":\"Accueil\",\"item\":\"https:\/\/yellowideas.com\/en\/\"},{\"@type\":\"ListItem\",\"position\":2,\"name\":\"TED Style Presentation\"}]},{\"@type\":\"WebSite\",\"@id\":\"https:\/\/yellowideas.com\/#website\",\"url\":\"https:\/\/yellowideas.com\/\",\"name\":\"Yellow Ideas\",\"description\":\"\",\"publisher\":{\"@id\":\"https:\/\/yellowideas.com\/#organization\"},\"potentialAction\":[{\"@type\":\"SearchAction\",\"target\":{\"@type\":\"EntryPoint\",\"urlTemplate\":\"https:\/\/yellowideas.com\/?s={search_term_string}\"},\"query-input\":{\"@type\":\"PropertyValueSpecification\",\"valueRequired\":true,\"valueName\":\"search_term_string\"}}],\"inLanguage\":\"en-US\"},{\"@type\":\"Organization\",\"@id\":\"https:\/\/yellowideas.com\/#organization\",\"name\":\"Yellow Ideas\",\"url\":\"https:\/\/yellowideas.com\/\",\"logo\":{\"@type\":\"ImageObject\",\"inLanguage\":\"en-US\",\"@id\":\"https:\/\/yellowideas.com\/#\/schema\/logo\/image\/\",\"url\":\"https:\/\/yellowideas.com\/wp-content\/uploads\/2016\/12\/logo-yellow-RVB-1000x1000.png\",\"contentUrl\":\"https:\/\/yellowideas.com\/wp-content\/uploads\/2016\/12\/logo-yellow-RVB-1000x1000.png\",\"width\":1000,\"height\":1000,\"caption\":\"Yellow Ideas\"},\"image\":{\"@id\":\"https:\/\/yellowideas.com\/#\/schema\/logo\/image\/\"},\"sameAs\":[\"https:\/\/www.facebook.com\/YellowIdeas\/\",\"https:\/\/www.linkedin.com\/company\/yellow-ideas\"]}]}<\/script>\n<!-- \/ Yoast SEO plugin. -->","yoast_head_json":{"title":"TED Style Presentation - Yellow Ideas","robots":{"index":"index","follow":"follow","max-snippet":"max-snippet:-1","max-image-preview":"max-image-preview:large","max-video-preview":"max-video-preview:-1"},"canonical":"https:\/\/yellowideas.com\/en\/ted-style-presentation-uk\/","og_locale":"en_US","og_type":"article","og_title":"TED Style Presentation - Yellow Ideas","og_description":"[vc_row section_background=&#8221;color&#8221; background_color=&#8221;#ffffff&#8221; section_id=&#8221;tedstyle&#8221; section_name=&#8221;TED style pr\u00e9sentation&#8221;][vc_column][vc_single_image image=&#8221;1512&#8243; img_size=&#8221;full&#8221; alignment=&#8221;center&#8221;][vc_empty_space height=&#8221;30px&#8221;][vc_column_text] TED conferences (www.ted.com) have become the standard as far as presentations are concerned. This is a good thing! They are exciting and effective. Each speaker has a maximum of 18 minutes to present their subject in the most innovative &hellip; Continue reading &rarr;","og_url":"https:\/\/yellowideas.com\/en\/ted-style-presentation-uk\/","og_site_name":"Yellow Ideas","article_publisher":"https:\/\/www.facebook.com\/YellowIdeas\/","article_modified_time":"2017-10-20T15:33:33+00:00","twitter_card":"summary_large_image","twitter_misc":{"Est. reading time":"8 minutes"},"schema":{"@context":"https:\/\/schema.org","@graph":[{"@type":"WebPage","@id":"https:\/\/yellowideas.com\/en\/ted-style-presentation-uk\/","url":"https:\/\/yellowideas.com\/en\/ted-style-presentation-uk\/","name":"TED Style Presentation - Yellow Ideas","isPartOf":{"@id":"https:\/\/yellowideas.com\/#website"},"datePublished":"2017-01-07T11:12:43+00:00","dateModified":"2017-10-20T15:33:33+00:00","breadcrumb":{"@id":"https:\/\/yellowideas.com\/en\/ted-style-presentation-uk\/#breadcrumb"},"inLanguage":"en-US","potentialAction":[{"@type":"ReadAction","target":["https:\/\/yellowideas.com\/en\/ted-style-presentation-uk\/"]}]},{"@type":"BreadcrumbList","@id":"https:\/\/yellowideas.com\/en\/ted-style-presentation-uk\/#breadcrumb","itemListElement":[{"@type":"ListItem","position":1,"name":"Accueil","item":"https:\/\/yellowideas.com\/en\/"},{"@type":"ListItem","position":2,"name":"TED Style Presentation"}]},{"@type":"WebSite","@id":"https:\/\/yellowideas.com\/#website","url":"https:\/\/yellowideas.com\/","name":"Yellow Ideas","description":"","publisher":{"@id":"https:\/\/yellowideas.com\/#organization"},"potentialAction":[{"@type":"SearchAction","target":{"@type":"EntryPoint","urlTemplate":"https:\/\/yellowideas.com\/?s={search_term_string}"},"query-input":{"@type":"PropertyValueSpecification","valueRequired":true,"valueName":"search_term_string"}}],"inLanguage":"en-US"},{"@type":"Organization","@id":"https:\/\/yellowideas.com\/#organization","name":"Yellow Ideas","url":"https:\/\/yellowideas.com\/","logo":{"@type":"ImageObject","inLanguage":"en-US","@id":"https:\/\/yellowideas.com\/#\/schema\/logo\/image\/","url":"https:\/\/yellowideas.com\/wp-content\/uploads\/2016\/12\/logo-yellow-RVB-1000x1000.png","contentUrl":"https:\/\/yellowideas.com\/wp-content\/uploads\/2016\/12\/logo-yellow-RVB-1000x1000.png","width":1000,"height":1000,"caption":"Yellow Ideas"},"image":{"@id":"https:\/\/yellowideas.com\/#\/schema\/logo\/image\/"},"sameAs":["https:\/\/www.facebook.com\/YellowIdeas\/","https:\/\/www.linkedin.com\/company\/yellow-ideas"]}]}},"_links":{"self":[{"href":"https:\/\/yellowideas.com\/en\/wp-json\/wp\/v2\/pages\/3255","targetHints":{"allow":["GET"]}}],"collection":[{"href":"https:\/\/yellowideas.com\/en\/wp-json\/wp\/v2\/pages"}],"about":[{"href":"https:\/\/yellowideas.com\/en\/wp-json\/wp\/v2\/types\/page"}],"author":[{"embeddable":true,"href":"https:\/\/yellowideas.com\/en\/wp-json\/wp\/v2\/users\/1"}],"replies":[{"embeddable":true,"href":"https:\/\/yellowideas.com\/en\/wp-json\/wp\/v2\/comments?post=3255"}],"version-history":[{"count":0,"href":"https:\/\/yellowideas.com\/en\/wp-json\/wp\/v2\/pages\/3255\/revisions"}],"wp:attachment":[{"href":"https:\/\/yellowideas.com\/en\/wp-json\/wp\/v2\/media?parent=3255"}],"curies":[{"name":"wp","href":"https:\/\/api.w.org\/{rel}","templated":true}]}}