{"id":3296,"date":"2017-01-08T18:41:53","date_gmt":"2017-01-08T17:41:53","guid":{"rendered":"http:\/\/staging.yellowideas.com\/facilitation-visuelle\/"},"modified":"2017-10-20T17:32:38","modified_gmt":"2017-10-20T15:32:38","slug":"visual-facilitation","status":"publish","type":"page","link":"https:\/\/yellowideas.com\/en\/visual-facilitation\/","title":{"rendered":"Visual Facilitation"},"content":{"rendered":"<div class=\"wpb-content-wrapper\">[vc_row section_background=&#8221;color&#8221; background_color=&#8221;#ffdd00&#8243; section_id=&#8221;facilitationvisuelle&#8221; section_name=&#8221;Facilitation Visuelle&#8221;][vc_column][jeg_spacing size=&#8221;100&#8243;][vc_single_image image=&#8221;2624&#8243; img_size=&#8221;full&#8221; alignment=&#8221;center&#8221; css_animation=&#8221;appear&#8221;][vc_column_text css_animation=&#8221;appear&#8221;]<\/p>\n<div class=\" \">\n<div class=\" \">\n<h2 style=\"text-align: center;\">BRING YOUR IDEAS TO LIFE!<\/h2>\n<\/div>\n<p>&nbsp;<\/p>\n<\/div>\n<p>[\/vc_column_text][jeg_spacing size=&#8221;100&#8243;][\/vc_column][\/vc_row][vc_row section_background=&#8221;color&#8221; background_color=&#8221;#ffdd00&#8243; section_id=&#8221;3etapes&#8221; section_name=&#8221;3 \u00e9tapes&#8221;][vc_column][vc_column_text]<\/p>\n<div class=\" \">\n<div class=\" \">\n<h5 style=\"text-align: center;\">During your strategic meetings and brainstorming sessions, I will illustrate participants&#8217; comments, ideas and decisions. A drawing is worth a thousand words!<\/h5>\n<h5 style=\"text-align: center;\">How does visual facilitation work?<\/h5>\n<\/div>\n<p>&nbsp;<\/p>\n<\/div>\n<p>[\/vc_column_text][vc_column_text]<\/p>\n<h1 style=\"text-align: center;\"><span style=\"color: #ffffff;\">3 VERY<\/span><\/h1>\n<h1 style=\"text-align: center;\">\u00a0SIMPLE\u00a0STAGES<\/h1>\n<p>[\/vc_column_text][jeg_spacing size=&#8221;100&#8243;][\/vc_column][\/vc_row][vc_row section_background=&#8221;color&#8221; section_id=&#8221;lesillusentempsreel&#8221; section_name=&#8221;Les illustrations en temps r\u00e9el&#8221; background_color=&#8221;#ffbb00&#8243;][vc_column][jeg_spacing size=&#8221;50&#8243;][vc_row_inner][vc_column_inner width=&#8221;1\/4&#8243; fadein=&#8221;yes&#8221; scale=&#8221;yes&#8221; position=&#8221;left&#8221;][vc_single_image image=&#8221;1599&#8243; img_size=&#8221;full&#8221; alignment=&#8221;center&#8221; css_animation=&#8221;appear&#8221;][vc_column_text]<\/p>\n<h2><span style=\"color: #ffffff;\">ILLUSTRATIONS<\/span><\/h2>\n<h2>\u00a0IN REAL TIME<\/h2>\n<p>[\/vc_column_text][vc_separator color=&#8221;white&#8221; align=&#8221;align_left&#8221; border_width=&#8221;6&#8243;][vc_column_text]<\/p>\n<h5>I illustrate ideas produced by participants. Each illustration is unique and adapted specifically to your vision.<\/h5>\n<p>[\/vc_column_text][\/vc_column_inner][vc_column_inner width=&#8221;3\/4&#8243;][vc_single_image image=&#8221;2626&#8243; img_size=&#8221;full&#8221;][\/vc_column_inner][\/vc_row_inner][jeg_spacing size=&#8221;100&#8243;][\/vc_column][\/vc_row][vc_row section_background=&#8221;color&#8221; section_id=&#8221;laralisationendigital&#8221; section_name=&#8221;La r\u00e9alisation en digital&#8221; background_color=&#8221;#ffdd00&#8243;][vc_column][jeg_spacing size=&#8221;50&#8243;][vc_row_inner][vc_column_inner width=&#8221;3\/4&#8243;][vc_single_image image=&#8221;2627&#8243; img_size=&#8221;full&#8221;][\/vc_column_inner][vc_column_inner width=&#8221;1\/4&#8243; fadein=&#8221;yes&#8221; scale=&#8221;yes&#8221; position=&#8221;left&#8221;][vc_single_image image=&#8221;1600&#8243; img_size=&#8221;full&#8221; css_animation=&#8221;appear&#8221;][vc_column_text]<\/p>\n<h2 style=\"text-align: left;\"><span style=\"color: #ffffff;\">DIGITAL<\/span><\/h2>\n<h2 style=\"text-align: left;\">\u00a0CREATION<\/h2>\n<p>[\/vc_column_text][vc_separator color=&#8221;white&#8221; align=&#8221;align_left&#8221; border_width=&#8221;6&#8243;][vc_column_text]<\/p>\n<h5>The ideas are reworked in a digital format. You can use them immediately for your presentations.<\/h5>\n<p>[\/vc_column_text][\/vc_column_inner][\/vc_row_inner][jeg_spacing size=&#8221;100&#8243;][\/vc_column][\/vc_row][vc_row section_background=&#8221;imagebg&#8221; background_vertical_position=&#8221;right&#8221; background_horizontal_position=&#8221;center&#8221; background_repeat=&#8221;no-repeat&#8221; background_fullscreen=&#8221;yes&#8221; section_id=&#8221;dossiervotreimage&#8221; section_name=&#8221;Un dossier \u00e0 votre image&#8221; image_background=&#8221;2076&#8243; background_overlay=&#8221;#ffce0c&#8221;][vc_column][jeg_spacing size=&#8221;50&#8243;][vc_row_inner][vc_column_inner width=&#8221;1\/4&#8243; fadein=&#8221;yes&#8221; scale=&#8221;yes&#8221; position=&#8221;left&#8221;][vc_single_image image=&#8221;1601&#8243; img_size=&#8221;full&#8221; alignment=&#8221;center&#8221; css_animation=&#8221;appear&#8221;][vc_column_text]<\/p>\n<h2><span style=\"color: #ffffff;\">A FILE<\/span><\/h2>\n<h2>DESIGNED FOR YOU<\/h2>\n<p>[\/vc_column_text][vc_separator color=&#8221;white&#8221; align=&#8221;align_left&#8221; border_width=&#8221;6&#8243;][vc_column_text]<\/p>\n<h5>Next, you will swiftly receive a digital and\/or printed file with all the illustrations from your meeting. All that remains for you to do is to insert them into your communication material.<\/h5>\n<p>[\/vc_column_text][\/vc_column_inner][vc_column_inner width=&#8221;3\/4&#8243;][vc_single_image image=&#8221;2668&#8243; img_size=&#8221;full&#8221;][\/vc_column_inner][\/vc_row_inner][jeg_spacing size=&#8221;100&#8243;][\/vc_column][\/vc_row][vc_row section_background=&#8221;color&#8221; section_id=&#8221;stratetcreativite&#8221; section_name=&#8221;Strat\u00e9gie &amp; Cr\u00e9ativit\u00e9&#8221; background_color=&#8221;#ffdd00&#8243;][vc_column][jeg_spacing size=&#8221;100&#8243;][vc_row_inner][vc_column_inner width=&#8221;1\/2&#8243; fadein=&#8221;yes&#8221; scale=&#8221;yes&#8221; position=&#8221;left&#8221;][vc_column_text]<\/p>\n<h2>VISUAL FACILITATION BY OLIVIER MASSA IS ONE OF THE FEATURES IN THE<br \/>\n<a href=\"https:\/\/yellowideas.com\/en\/strategy-creativity\/\"><span style=\"color: #ffffff;\">Strategy et creativity<\/span>\u00a0<\/a>SEMINAR BY YELLOW IDEAS.<\/h2>\n<p>[\/vc_column_text][vc_separator color=&#8221;black&#8221; align=&#8221;align_left&#8221; border_width=&#8221;6&#8243;][vc_column_text]<\/p>\n<h4 style=\"text-align: left;\">For more information, click\u00a0<a href=\"https:\/\/yellowideas.com\/en\/strategie-creativite\/\"><span style=\"color: #ffffff;\">here<\/span><\/a>.<\/h4>\n<p>[\/vc_column_text][\/vc_column_inner][vc_column_inner width=&#8221;1\/2&#8243;][vc_single_image image=&#8221;2628&#8243; img_size=&#8221;medium&#8221; alignment=&#8221;right&#8221; onclick=&#8221;custom_link&#8221; css_animation=&#8221;appear&#8221; link=&#8221;\/accueil\/nos-services\/#strat\u00e9gieetcr\u00e9ativit\u00e9&#8221;][\/vc_column_inner][vc_column_inner][jeg_spacing size=&#8221;100&#8243;][\/vc_column_inner][\/vc_row_inner][\/vc_column][\/vc_row][vc_row section_background=&#8221;color&#8221; section_id=&#8221;pdf&#8221; section_name=&#8221;PDF&#8221; background_color=&#8221;#fcd21d&#8221;][vc_column][jeg_spacing size=&#8221;50&#8243;][vc_column_text]<\/p>\n<h2 style=\"text-align: center;\">WONDERING WHAT MY ILLUSTRATIONS LOOK LIKE?<br \/>\nDOWNLOAD THE <a href=\"https:\/\/yellowideas.com\/wp-content\/uploads\/2017\/01\/facilitation-visuelle-2017.pdf\" target=\"_blank\" rel=\"noopener noreferrer\"><span style=\"color: #ffffff;\">visual facilitation<\/span>\u00a0<\/a>pdf.<\/h2>\n<p>[\/vc_column_text][vc_single_image image=&#8221;2098&#8243; img_size=&#8221;large&#8221; alignment=&#8221;center&#8221; onclick=&#8221;custom_link&#8221; img_link_target=&#8221;_blank&#8221; css_animation=&#8221;appear&#8221; link=&#8221;https:\/\/yellowideas.com\/wp-content\/uploads\/2017\/01\/facilitation-visuelle-2017.pdf&#8221;][jeg_spacing size=&#8221;50&#8243;][\/vc_column][\/vc_row][vc_row section_background=&#8221;color&#8221; background_color=&#8221;#ffffff&#8221;][vc_column][\/vc_column][\/vc_row][vc_row section_background=&#8221;color&#8221; section_id=&#8221;dragonfooter&#8221; background_color=&#8221;#ffffff&#8221; section_name=&#8221;Pssst&#8221;][vc_column][vc_column_text css_animation=&#8221;slideInRight&#8221;]<\/p>\n<h4 style=\"text-align: center;\">PSSSSST!<br \/>\nIf you want to\u00a0<a href=\"https:\/\/yellowideas.com\/en\/our-team\/#contacteznous\">contact us<\/a>,<br \/>\nor learn\u00a0<a href=\"https:\/\/yellowideas.com\/en\/accueil\/our-services\/\">more about us<\/a>,<br \/>\nfollow me!<\/h4>\n<p>[\/vc_column_text][vc_empty_space height=&#8221;50px&#8221;][\/vc_column][\/vc_row]\n<\/div>","protected":false},"excerpt":{"rendered":"<p>[vc_row section_background=&#8221;color&#8221; background_color=&#8221;#ffdd00&#8243; section_id=&#8221;facilitationvisuelle&#8221; section_name=&#8221;Facilitation Visuelle&#8221;][vc_column][jeg_spacing size=&#8221;100&#8243;][vc_single_image image=&#8221;2624&#8243; img_size=&#8221;full&#8221; alignment=&#8221;center&#8221; css_animation=&#8221;appear&#8221;][vc_column_text css_animation=&#8221;appear&#8221;] BRING YOUR IDEAS TO LIFE! &nbsp; [\/vc_column_text][jeg_spacing size=&#8221;100&#8243;][\/vc_column][\/vc_row][vc_row section_background=&#8221;color&#8221; background_color=&#8221;#ffdd00&#8243; section_id=&#8221;3etapes&#8221; section_name=&#8221;3 \u00e9tapes&#8221;][vc_column][vc_column_text] During your strategic meetings and brainstorming sessions, I will illustrate participants&#8217; comments, ideas and decisions. A drawing is worth a thousand words! How does visual &hellip; <a class=\"readmore\" href=\"https:\/\/yellowideas.com\/en\/visual-facilitation\/\">Continue reading <span class=\"meta-nav\">&rarr;<\/span><\/a><\/p>\n","protected":false},"author":1,"featured_media":0,"parent":0,"menu_order":0,"comment_status":"closed","ping_status":"closed","template":"template\/template-landing-page-vc.php","meta":{"footnotes":""},"class_list":["post-3296","page","type-page","status-publish","hentry"],"yoast_head":"<!-- This site is optimized with the Yoast SEO plugin v25.9 - https:\/\/yoast.com\/wordpress\/plugins\/seo\/ -->\n<title>Visual Facilitation - Yellow Ideas<\/title>\n<meta name=\"robots\" content=\"index, follow, max-snippet:-1, max-image-preview:large, max-video-preview:-1\" \/>\n<link rel=\"canonical\" href=\"https:\/\/yellowideas.com\/en\/visual-facilitation\/\" \/>\n<meta property=\"og:locale\" content=\"en_US\" \/>\n<meta property=\"og:type\" content=\"article\" \/>\n<meta property=\"og:title\" content=\"Visual Facilitation - Yellow Ideas\" \/>\n<meta property=\"og:description\" content=\"[vc_row section_background=&#8221;color&#8221; background_color=&#8221;#ffdd00&#8243; section_id=&#8221;facilitationvisuelle&#8221; section_name=&#8221;Facilitation Visuelle&#8221;][vc_column][jeg_spacing size=&#8221;100&#8243;][vc_single_image image=&#8221;2624&#8243; img_size=&#8221;full&#8221; alignment=&#8221;center&#8221; css_animation=&#8221;appear&#8221;][vc_column_text css_animation=&#8221;appear&#8221;] BRING YOUR IDEAS TO LIFE! &nbsp; [\/vc_column_text][jeg_spacing size=&#8221;100&#8243;][\/vc_column][\/vc_row][vc_row section_background=&#8221;color&#8221; background_color=&#8221;#ffdd00&#8243; section_id=&#8221;3etapes&#8221; section_name=&#8221;3 \u00e9tapes&#8221;][vc_column][vc_column_text] During your strategic meetings and brainstorming sessions, I will illustrate participants&#8217; comments, ideas and decisions. A drawing is worth a thousand words! How does visual &hellip; Continue reading &rarr;\" \/>\n<meta property=\"og:url\" content=\"https:\/\/yellowideas.com\/en\/visual-facilitation\/\" \/>\n<meta property=\"og:site_name\" content=\"Yellow Ideas\" \/>\n<meta property=\"article:publisher\" content=\"https:\/\/www.facebook.com\/YellowIdeas\/\" \/>\n<meta property=\"article:modified_time\" content=\"2017-10-20T15:32:38+00:00\" \/>\n<meta name=\"twitter:card\" content=\"summary_large_image\" \/>\n<meta name=\"twitter:label1\" content=\"Est. reading time\" \/>\n\t<meta name=\"twitter:data1\" content=\"4 minutes\" \/>\n<script type=\"application\/ld+json\" class=\"yoast-schema-graph\">{\"@context\":\"https:\/\/schema.org\",\"@graph\":[{\"@type\":\"WebPage\",\"@id\":\"https:\/\/yellowideas.com\/en\/visual-facilitation\/\",\"url\":\"https:\/\/yellowideas.com\/en\/visual-facilitation\/\",\"name\":\"Visual Facilitation - Yellow Ideas\",\"isPartOf\":{\"@id\":\"https:\/\/yellowideas.com\/#website\"},\"datePublished\":\"2017-01-08T17:41:53+00:00\",\"dateModified\":\"2017-10-20T15:32:38+00:00\",\"breadcrumb\":{\"@id\":\"https:\/\/yellowideas.com\/en\/visual-facilitation\/#breadcrumb\"},\"inLanguage\":\"en-US\",\"potentialAction\":[{\"@type\":\"ReadAction\",\"target\":[\"https:\/\/yellowideas.com\/en\/visual-facilitation\/\"]}]},{\"@type\":\"BreadcrumbList\",\"@id\":\"https:\/\/yellowideas.com\/en\/visual-facilitation\/#breadcrumb\",\"itemListElement\":[{\"@type\":\"ListItem\",\"position\":1,\"name\":\"Accueil\",\"item\":\"https:\/\/yellowideas.com\/en\/\"},{\"@type\":\"ListItem\",\"position\":2,\"name\":\"Visual Facilitation\"}]},{\"@type\":\"WebSite\",\"@id\":\"https:\/\/yellowideas.com\/#website\",\"url\":\"https:\/\/yellowideas.com\/\",\"name\":\"Yellow Ideas\",\"description\":\"\",\"publisher\":{\"@id\":\"https:\/\/yellowideas.com\/#organization\"},\"potentialAction\":[{\"@type\":\"SearchAction\",\"target\":{\"@type\":\"EntryPoint\",\"urlTemplate\":\"https:\/\/yellowideas.com\/?s={search_term_string}\"},\"query-input\":{\"@type\":\"PropertyValueSpecification\",\"valueRequired\":true,\"valueName\":\"search_term_string\"}}],\"inLanguage\":\"en-US\"},{\"@type\":\"Organization\",\"@id\":\"https:\/\/yellowideas.com\/#organization\",\"name\":\"Yellow Ideas\",\"url\":\"https:\/\/yellowideas.com\/\",\"logo\":{\"@type\":\"ImageObject\",\"inLanguage\":\"en-US\",\"@id\":\"https:\/\/yellowideas.com\/#\/schema\/logo\/image\/\",\"url\":\"https:\/\/yellowideas.com\/wp-content\/uploads\/2016\/12\/logo-yellow-RVB-1000x1000.png\",\"contentUrl\":\"https:\/\/yellowideas.com\/wp-content\/uploads\/2016\/12\/logo-yellow-RVB-1000x1000.png\",\"width\":1000,\"height\":1000,\"caption\":\"Yellow Ideas\"},\"image\":{\"@id\":\"https:\/\/yellowideas.com\/#\/schema\/logo\/image\/\"},\"sameAs\":[\"https:\/\/www.facebook.com\/YellowIdeas\/\",\"https:\/\/www.linkedin.com\/company\/yellow-ideas\"]}]}<\/script>\n<!-- \/ Yoast SEO plugin. -->","yoast_head_json":{"title":"Visual Facilitation - Yellow Ideas","robots":{"index":"index","follow":"follow","max-snippet":"max-snippet:-1","max-image-preview":"max-image-preview:large","max-video-preview":"max-video-preview:-1"},"canonical":"https:\/\/yellowideas.com\/en\/visual-facilitation\/","og_locale":"en_US","og_type":"article","og_title":"Visual Facilitation - Yellow Ideas","og_description":"[vc_row section_background=&#8221;color&#8221; background_color=&#8221;#ffdd00&#8243; section_id=&#8221;facilitationvisuelle&#8221; section_name=&#8221;Facilitation Visuelle&#8221;][vc_column][jeg_spacing size=&#8221;100&#8243;][vc_single_image image=&#8221;2624&#8243; img_size=&#8221;full&#8221; alignment=&#8221;center&#8221; css_animation=&#8221;appear&#8221;][vc_column_text css_animation=&#8221;appear&#8221;] BRING YOUR IDEAS TO LIFE! &nbsp; [\/vc_column_text][jeg_spacing size=&#8221;100&#8243;][\/vc_column][\/vc_row][vc_row section_background=&#8221;color&#8221; background_color=&#8221;#ffdd00&#8243; section_id=&#8221;3etapes&#8221; section_name=&#8221;3 \u00e9tapes&#8221;][vc_column][vc_column_text] During your strategic meetings and brainstorming sessions, I will illustrate participants&#8217; comments, ideas and decisions. A drawing is worth a thousand words! How does visual &hellip; Continue reading &rarr;","og_url":"https:\/\/yellowideas.com\/en\/visual-facilitation\/","og_site_name":"Yellow Ideas","article_publisher":"https:\/\/www.facebook.com\/YellowIdeas\/","article_modified_time":"2017-10-20T15:32:38+00:00","twitter_card":"summary_large_image","twitter_misc":{"Est. reading time":"4 minutes"},"schema":{"@context":"https:\/\/schema.org","@graph":[{"@type":"WebPage","@id":"https:\/\/yellowideas.com\/en\/visual-facilitation\/","url":"https:\/\/yellowideas.com\/en\/visual-facilitation\/","name":"Visual Facilitation - Yellow Ideas","isPartOf":{"@id":"https:\/\/yellowideas.com\/#website"},"datePublished":"2017-01-08T17:41:53+00:00","dateModified":"2017-10-20T15:32:38+00:00","breadcrumb":{"@id":"https:\/\/yellowideas.com\/en\/visual-facilitation\/#breadcrumb"},"inLanguage":"en-US","potentialAction":[{"@type":"ReadAction","target":["https:\/\/yellowideas.com\/en\/visual-facilitation\/"]}]},{"@type":"BreadcrumbList","@id":"https:\/\/yellowideas.com\/en\/visual-facilitation\/#breadcrumb","itemListElement":[{"@type":"ListItem","position":1,"name":"Accueil","item":"https:\/\/yellowideas.com\/en\/"},{"@type":"ListItem","position":2,"name":"Visual Facilitation"}]},{"@type":"WebSite","@id":"https:\/\/yellowideas.com\/#website","url":"https:\/\/yellowideas.com\/","name":"Yellow Ideas","description":"","publisher":{"@id":"https:\/\/yellowideas.com\/#organization"},"potentialAction":[{"@type":"SearchAction","target":{"@type":"EntryPoint","urlTemplate":"https:\/\/yellowideas.com\/?s={search_term_string}"},"query-input":{"@type":"PropertyValueSpecification","valueRequired":true,"valueName":"search_term_string"}}],"inLanguage":"en-US"},{"@type":"Organization","@id":"https:\/\/yellowideas.com\/#organization","name":"Yellow Ideas","url":"https:\/\/yellowideas.com\/","logo":{"@type":"ImageObject","inLanguage":"en-US","@id":"https:\/\/yellowideas.com\/#\/schema\/logo\/image\/","url":"https:\/\/yellowideas.com\/wp-content\/uploads\/2016\/12\/logo-yellow-RVB-1000x1000.png","contentUrl":"https:\/\/yellowideas.com\/wp-content\/uploads\/2016\/12\/logo-yellow-RVB-1000x1000.png","width":1000,"height":1000,"caption":"Yellow Ideas"},"image":{"@id":"https:\/\/yellowideas.com\/#\/schema\/logo\/image\/"},"sameAs":["https:\/\/www.facebook.com\/YellowIdeas\/","https:\/\/www.linkedin.com\/company\/yellow-ideas"]}]}},"_links":{"self":[{"href":"https:\/\/yellowideas.com\/en\/wp-json\/wp\/v2\/pages\/3296","targetHints":{"allow":["GET"]}}],"collection":[{"href":"https:\/\/yellowideas.com\/en\/wp-json\/wp\/v2\/pages"}],"about":[{"href":"https:\/\/yellowideas.com\/en\/wp-json\/wp\/v2\/types\/page"}],"author":[{"embeddable":true,"href":"https:\/\/yellowideas.com\/en\/wp-json\/wp\/v2\/users\/1"}],"replies":[{"embeddable":true,"href":"https:\/\/yellowideas.com\/en\/wp-json\/wp\/v2\/comments?post=3296"}],"version-history":[{"count":0,"href":"https:\/\/yellowideas.com\/en\/wp-json\/wp\/v2\/pages\/3296\/revisions"}],"wp:attachment":[{"href":"https:\/\/yellowideas.com\/en\/wp-json\/wp\/v2\/media?parent=3296"}],"curies":[{"name":"wp","href":"https:\/\/api.w.org\/{rel}","templated":true}]}}